{"id":813,"date":"2017-02-09T12:07:12","date_gmt":"2017-02-09T12:07:12","guid":{"rendered":"http:\/\/dummy.xtemos.com\/basel\/vers\/?page_id=813"},"modified":"2023-04-18T17:57:37","modified_gmt":"2023-04-18T17:57:37","slug":"kurumsal","status":"publish","type":"page","link":"https:\/\/dassamobilya.com.tr\/en\/kurumsal\/","title":{"rendered":"About Us"},"content":{"rendered":"<section class=\"wpb-content-wrapper\"><div class=\"vc_row wpb_row vc_row-fluid\"><div class=\"wpb_column vc_column_container vc_col-sm-12\"><div class=\"vc_column-inner\"><div class=\"wpb_wrapper\">\n\t<div class=\"wpb_text_column wpb_content_element color-scheme-light\" >\n\t\t<div class=\"wpb_wrapper\">\n\t\t\t<p style=\"text-align: center; font-size: 30px; font-family: montserrat;\">About us<\/p>\n\n\t\t<\/div>\n\t<\/div>\n\n\t<div class=\"wpb_text_column wpb_content_element color-scheme-light\" >\n\t\t<div class=\"wpb_wrapper\">\n\t\t\t<p style=\"text-align: center; font-size: 20px; font-family: montserrat;\">1998 y\u0131l\u0131nda Duranlar Mobilya olarak \u0130neg\u00f6l\u2019de<br \/>\nfaaliyetine ba\u015flam\u0131\u015f olup daha sonra yeni bir<br \/>\nmarkala\u015fmaya giderek Dassa Mobilya olarak faaliyetlerine<br \/>\ndevam etmektedir. \u015euanda daha kaliteli \u00fcr\u00fcn ve<br \/>\npazarlama stratejisiyle mobilya sekt\u00f6r\u00fcndeki b\u00fcy\u00fcmeye<br \/>\nve kapasitesini artt\u0131rmaya devam etmektedir.<br \/>\nFirmam\u0131z mobilya sekt\u00f6r\u00fcnde \u00f6rnek olma y\u00f6n\u00fcnde<br \/>\nkalite ve esteti\u011fi \u00f6n plana \u00e7\u0131karm\u0131\u015f olup mod\u00fcler ve klasik<br \/>\nmobilyada ve koltukta yurt i\u00e7i ve yurt d\u0131\u015f\u0131 taleplerini<br \/>\nkar\u015f\u0131lamaya \u00e7al\u0131\u015fmaktad\u0131r<\/p>\n\n\t\t<\/div>\n\t<\/div>\n<div class=\"vc_separator wpb_content_element vc_separator_align_center vc_sep_width_20 vc_sep_pos_align_center vc_separator_no_text vc_sep_color_grey\" ><span class=\"vc_sep_holder vc_sep_holder_l\"><span class=\"vc_sep_line\"><\/span><\/span><span class=\"vc_sep_holder vc_sep_holder_r\"><span class=\"vc_sep_line\"><\/span><\/span>\n<\/div>\n\t<div class=\"wpb_text_column wpb_content_element color-scheme-light\" >\n\t\t<div class=\"wpb_wrapper\">\n\t\t\t<p style=\"text-align: center; font-size: 20px; font-family: montserrat;\">Duranlar furniture in 1998, has started operating in<br \/>\nineg\u00f6l a new branding then continue to operate as Dassa<br \/>\nFurniture, Now with more qualified product and marketing<br \/>\nstrategy Dassa Furniture is continues development and<br \/>\nincreasing its production capacity.<br \/>\nWith country, avangarde classical style we offer high<br \/>\nquand and stylish models for the mdomestic<br \/>\nmarket and export.<\/p>\n\n\t\t<\/div>\n\t<\/div>\n<\/div><\/div><\/div><\/div>\n<\/section>","protected":false},"excerpt":{"rendered":"Hakk\u0131m\u0131zda 1998 y\u0131l\u0131nda Duranlar Mobilya olarak \u0130neg\u00f6l\u2019de faaliyetine ba\u015flam\u0131\u015f olup daha sonra yeni bir markala\u015fmaya giderek Dassa Mobilya olarak faaliyetlerine","protected":false},"author":1,"featured_media":0,"parent":0,"menu_order":0,"comment_status":"closed","ping_status":"closed","template":"","meta":{"_joinchat":[],"footnotes":""},"class_list":["post-813","page","type-page","status-publish","hentry"],"yoast_head":"<!-- This site is optimized with the Yoast SEO plugin v23.2 - https:\/\/yoast.com\/wordpress\/plugins\/seo\/ -->\n<title>Kurumsal - Dassa Mobilya<\/title>\n<meta name=\"robots\" content=\"index, follow, max-snippet:-1, max-image-preview:large, max-video-preview:-1\" \/>\n<link rel=\"canonical\" href=\"https:\/\/dassamobilya.com.tr\/en\/kurumsal\/\" \/>\n<meta property=\"og:locale\" content=\"en_US\" \/>\n<meta property=\"og:type\" content=\"article\" \/>\n<meta property=\"og:title\" content=\"Kurumsal - Dassa Mobilya\" \/>\n<meta property=\"og:url\" content=\"https:\/\/dassamobilya.com.tr\/en\/kurumsal\/\" \/>\n<meta property=\"og:site_name\" content=\"Dassa Mobilya\" \/>\n<meta property=\"article:modified_time\" content=\"2023-04-18T17:57:37+00:00\" \/>\n<meta name=\"twitter:card\" content=\"summary_large_image\" \/>\n<meta name=\"twitter:label1\" content=\"Est. reading time\" \/>\n\t<meta name=\"twitter:data1\" content=\"1 minute\" \/>\n<script type=\"application\/ld+json\" class=\"yoast-schema-graph\">{\"@context\":\"https:\/\/schema.org\",\"@graph\":[{\"@type\":\"WebPage\",\"@id\":\"https:\/\/dassamobilya.com.tr\/kurumsal\/\",\"url\":\"https:\/\/dassamobilya.com.tr\/kurumsal\/\",\"name\":\"Kurumsal - Dassa Mobilya\",\"isPartOf\":{\"@id\":\"https:\/\/dassamobilya.com.tr\/#website\"},\"datePublished\":\"2017-02-09T12:07:12+00:00\",\"dateModified\":\"2023-04-18T17:57:37+00:00\",\"breadcrumb\":{\"@id\":\"https:\/\/dassamobilya.com.tr\/kurumsal\/#breadcrumb\"},\"inLanguage\":\"en-US\",\"potentialAction\":[{\"@type\":\"ReadAction\",\"target\":[\"https:\/\/dassamobilya.com.tr\/kurumsal\/\"]}]},{\"@type\":\"BreadcrumbList\",\"@id\":\"https:\/\/dassamobilya.com.tr\/kurumsal\/#breadcrumb\",\"itemListElement\":[{\"@type\":\"ListItem\",\"position\":1,\"name\":\"Anasayfa\",\"item\":\"https:\/\/dassamobilya.com.tr\/\"},{\"@type\":\"ListItem\",\"position\":2,\"name\":\"Kurumsal\"}]},{\"@type\":\"WebSite\",\"@id\":\"https:\/\/dassamobilya.com.tr\/#website\",\"url\":\"https:\/\/dassamobilya.com.tr\/\",\"name\":\"Dassa Mobilya\",\"description\":\"\",\"publisher\":{\"@id\":\"https:\/\/dassamobilya.com.tr\/#organization\"},\"potentialAction\":[{\"@type\":\"SearchAction\",\"target\":{\"@type\":\"EntryPoint\",\"urlTemplate\":\"https:\/\/dassamobilya.com.tr\/?s={search_term_string}\"},\"query-input\":\"required name=search_term_string\"}],\"inLanguage\":\"en-US\"},{\"@type\":\"Organization\",\"@id\":\"https:\/\/dassamobilya.com.tr\/#organization\",\"name\":\"Dassa Mobilya\",\"url\":\"https:\/\/dassamobilya.com.tr\/\",\"logo\":{\"@type\":\"ImageObject\",\"inLanguage\":\"en-US\",\"@id\":\"https:\/\/dassamobilya.com.tr\/#\/schema\/logo\/image\/\",\"url\":\"https:\/\/dassamobilya.com.tr\/wp-content\/uploads\/2023\/04\/dassalogo.png\",\"contentUrl\":\"https:\/\/dassamobilya.com.tr\/wp-content\/uploads\/2023\/04\/dassalogo.png\",\"width\":330,\"height\":80,\"caption\":\"Dassa Mobilya\"},\"image\":{\"@id\":\"https:\/\/dassamobilya.com.tr\/#\/schema\/logo\/image\/\"},\"sameAs\":[\"https:\/\/www.instagram.com\/dassamobilya\"]}]}<\/script>\n<!-- \/ Yoast SEO plugin. -->","yoast_head_json":{"title":"Kurumsal - Dassa Mobilya","robots":{"index":"index","follow":"follow","max-snippet":"max-snippet:-1","max-image-preview":"max-image-preview:large","max-video-preview":"max-video-preview:-1"},"canonical":"https:\/\/dassamobilya.com.tr\/en\/kurumsal\/","og_locale":"en_US","og_type":"article","og_title":"Kurumsal - Dassa Mobilya","og_url":"https:\/\/dassamobilya.com.tr\/en\/kurumsal\/","og_site_name":"Dassa Mobilya","article_modified_time":"2023-04-18T17:57:37+00:00","twitter_card":"summary_large_image","twitter_misc":{"Est. reading time":"1 minute"},"schema":{"@context":"https:\/\/schema.org","@graph":[{"@type":"WebPage","@id":"https:\/\/dassamobilya.com.tr\/kurumsal\/","url":"https:\/\/dassamobilya.com.tr\/kurumsal\/","name":"Kurumsal - Dassa Mobilya","isPartOf":{"@id":"https:\/\/dassamobilya.com.tr\/#website"},"datePublished":"2017-02-09T12:07:12+00:00","dateModified":"2023-04-18T17:57:37+00:00","breadcrumb":{"@id":"https:\/\/dassamobilya.com.tr\/kurumsal\/#breadcrumb"},"inLanguage":"en-US","potentialAction":[{"@type":"ReadAction","target":["https:\/\/dassamobilya.com.tr\/kurumsal\/"]}]},{"@type":"BreadcrumbList","@id":"https:\/\/dassamobilya.com.tr\/kurumsal\/#breadcrumb","itemListElement":[{"@type":"ListItem","position":1,"name":"Anasayfa","item":"https:\/\/dassamobilya.com.tr\/"},{"@type":"ListItem","position":2,"name":"Kurumsal"}]},{"@type":"WebSite","@id":"https:\/\/dassamobilya.com.tr\/#website","url":"https:\/\/dassamobilya.com.tr\/","name":"Dassa Mobilya","description":"","publisher":{"@id":"https:\/\/dassamobilya.com.tr\/#organization"},"potentialAction":[{"@type":"SearchAction","target":{"@type":"EntryPoint","urlTemplate":"https:\/\/dassamobilya.com.tr\/?s={search_term_string}"},"query-input":"required name=search_term_string"}],"inLanguage":"en-US"},{"@type":"Organization","@id":"https:\/\/dassamobilya.com.tr\/#organization","name":"Dassa Mobilya","url":"https:\/\/dassamobilya.com.tr\/","logo":{"@type":"ImageObject","inLanguage":"en-US","@id":"https:\/\/dassamobilya.com.tr\/#\/schema\/logo\/image\/","url":"https:\/\/dassamobilya.com.tr\/wp-content\/uploads\/2023\/04\/dassalogo.png","contentUrl":"https:\/\/dassamobilya.com.tr\/wp-content\/uploads\/2023\/04\/dassalogo.png","width":330,"height":80,"caption":"Dassa Mobilya"},"image":{"@id":"https:\/\/dassamobilya.com.tr\/#\/schema\/logo\/image\/"},"sameAs":["https:\/\/www.instagram.com\/dassamobilya"]}]}},"_links":{"self":[{"href":"https:\/\/dassamobilya.com.tr\/en\/wp-json\/wp\/v2\/pages\/813","targetHints":{"allow":["GET"]}}],"collection":[{"href":"https:\/\/dassamobilya.com.tr\/en\/wp-json\/wp\/v2\/pages"}],"about":[{"href":"https:\/\/dassamobilya.com.tr\/en\/wp-json\/wp\/v2\/types\/page"}],"author":[{"embeddable":true,"href":"https:\/\/dassamobilya.com.tr\/en\/wp-json\/wp\/v2\/users\/1"}],"replies":[{"embeddable":true,"href":"https:\/\/dassamobilya.com.tr\/en\/wp-json\/wp\/v2\/comments?post=813"}],"version-history":[{"count":9,"href":"https:\/\/dassamobilya.com.tr\/en\/wp-json\/wp\/v2\/pages\/813\/revisions"}],"predecessor-version":[{"id":1844,"href":"https:\/\/dassamobilya.com.tr\/en\/wp-json\/wp\/v2\/pages\/813\/revisions\/1844"}],"wp:attachment":[{"href":"https:\/\/dassamobilya.com.tr\/en\/wp-json\/wp\/v2\/media?parent=813"}],"curies":[{"name":"wp","href":"https:\/\/api.w.org\/{rel}","templated":true}]}}